{"id":12,"date":"2021-02-15T09:05:53","date_gmt":"2021-02-15T08:05:53","guid":{"rendered":"https:\/\/spain.wordcamp.org\/2021\/organizers\/"},"modified":"2021-10-07T12:57:34","modified_gmt":"2021-10-07T10:57:34","slug":"organizadores","status":"publish","type":"page","link":"https:\/\/spain.wordcamp.org\/2021\/organizadores\/","title":{"rendered":"Organizadores"},"content":{"rendered":"<ul class=\"wordcamp-block wordcamp-post-list has-layout-list wordcamp-organizers\"><li class=\"wordcamp-post-list__post wordcamp-clearfix\">\n<div class=\"wordcamp-organizer wordcamp-organizers__post slug-ana-gavilan\">\n\t<h3 class=\"wordcamp-block__item-title wordcamp-organizers__title\">Ana Gavil\u00e1n<\/h3>\n\t\t\t<div class=\"wordcamp-image__avatar-container align-none\">\n\t\t\t<img decoding=\"async\" src=\"https:\/\/secure.gravatar.com\/avatar\/3e31f38d8673798ecc6d4ccf288da9fb4e7603e872317cdfb6b129b62e1cedd6?s=150&amp;d=mm&amp;r=g\" alt=\"Avatar de Ana Gavil\u00e1n\" \/>\t\t<\/div>\n\t\n\t\t\t<div class=\"wordcamp-block__item-content wordcamp-organizers__content is-full\"><p class=\"organizer-links wp-block-paragraph\"><a href=\"https:\/\/twitter.com\/anagavilancom\" target=\"_blank\" rel=\"noreferrer noopener\">@anagavilancom<\/a><br \/><a rel=\"noreferrer noopener\" href=\"http:\/\/anagavilan.com\/\" target=\"_blank\">anagavilan.com<\/a><\/p>\n<p class=\"wp-block-paragraph\">Consultora de marketing digital&nbsp;y gesti\u00f3n de proyectos, especialista en crear estrategias viables para conseguir ventas duraderas.<br \/>Aunque todo empez\u00f3 con mi primer ordenador (all\u00e1 1994) y desde entonces las p\u00e1ginas webs, el marketing y la experiencia al cliente han dejado huella.<br \/>A trav\u00e9s de la formaci\u00f3n y experiencia continua han hecho la profesional que soy.<br \/>\u00bfLo mejor? A\u00fan queda mucho por experimentar, aprender&#8230;<\/p>\n<\/div>\t<\/div>\n\n<\/li><li class=\"wordcamp-post-list__post wordcamp-clearfix\">\n<div class=\"wordcamp-organizer wordcamp-organizers__post slug-david-perez\">\n\t<h3 class=\"wordcamp-block__item-title wordcamp-organizers__title\">David P\u00e9rez<\/h3>\n\t\t\t<div class=\"wordcamp-image__avatar-container align-none\">\n\t\t\t<img decoding=\"async\" src=\"https:\/\/secure.gravatar.com\/avatar\/a556f0c812162ab6f10fc8748912889c4b1135aafaa4452badcf5b733bb1f91d?s=150&amp;d=mm&amp;r=g\" alt=\"Avatar de David P\u00e9rez\" \/>\t\t<\/div>\n\t\n\t\t\t<div class=\"wordcamp-block__item-content wordcamp-organizers__content is-full\"><p class=\"organizer-links wp-block-paragraph\"><a href=\"https:\/\/twitter.com\/davidperezmk\" target=\"_blank\" rel=\"noreferrer noopener\">@davidperezmk<\/a><br \/><a href=\"https:\/\/davidperezgar.com\/\" target=\"_blank\" rel=\"noreferrer noopener\"><\/a><a href=\"https:\/\/davidperezgar.com\/\">davidperezgar.com<\/a><\/p>\n<p class=\"wp-block-paragraph\">Director y cofundador de la <a href=\"https:\/\/close.marketing\">agencia de marketing online<\/a> <em>Closemarketing<\/em>.<\/p>\n<p class=\"wp-block-paragraph\">Especializado en el desarrollo de Temas, Plugins y Marketing para empresas.<\/p>\n<p class=\"wp-block-paragraph\">Podcaster de Marketing Online en <em>Ninjas del Marketing<\/em>. Organizador l\u00edder de WordCamp Granada 2019, y co-organizador de la WordCamp Granada 2018, coorganizador de las meetups en Granada.<\/p>\n<\/div>\t<\/div>\n\n<\/li><li class=\"wordcamp-post-list__post wordcamp-clearfix\">\n<div class=\"wordcamp-organizer wordcamp-organizers__post slug-francesc-barbero\">\n\t<h3 class=\"wordcamp-block__item-title wordcamp-organizers__title\">Francesc Barbero<\/h3>\n\t\t\t<div class=\"wordcamp-image__avatar-container align-none\">\n\t\t\t<img decoding=\"async\" src=\"https:\/\/secure.gravatar.com\/avatar\/1bd51d427dc67e9c742b2644271d972926b230c46d8d75b2b349b044ce4cb8f1?s=150&amp;d=mm&amp;r=g\" alt=\"Avatar de Francesc Barbero\" \/>\t\t<\/div>\n\t\n\t\t\t<div class=\"wordcamp-block__item-content wordcamp-organizers__content is-full\"><p class=\"organizer-links wp-block-paragraph\"><a rel=\"noreferrer noopener\" href=\"https:\/\/twitter.com\/BarberoSalazar\" target=\"_blank\">@BarberoSalazar<\/a><br \/><a href=\"https:\/\/francescbarbero.com\" target=\"_blank\" rel=\"noreferrer noopener\">francescbarbero.com<\/a><\/p>\n<p class=\"wp-block-paragraph\">Hago v\u00eddeos y en invierno llevo barba, siempre digo eso y me sienta bien. Usuario de WordPress a trav\u00e9s de los podcast y disfrutando cada d\u00eda m\u00e1s de todo lo que he podido hacer a trav\u00e9s de ello.<\/p>\n<\/div>\t<\/div>\n\n<\/li><li class=\"wordcamp-post-list__post wordcamp-clearfix\">\n<div class=\"wordcamp-organizer wordcamp-organizers__post slug-jose-luis-losada\">\n\t<h3 class=\"wordcamp-block__item-title wordcamp-organizers__title\">Jos\u00e9 Luis Losada<\/h3>\n\t\t\t<div class=\"wordcamp-image__avatar-container align-none\">\n\t\t\t<img decoding=\"async\" src=\"https:\/\/secure.gravatar.com\/avatar\/e43cd47a98280ac9c3d67608042790ab88375aa5e06c0fa7ef59b16df75eee8a?s=150&amp;d=mm&amp;r=g\" alt=\"Avatar de Jos\u00e9 Luis Losada\" \/>\t\t<\/div>\n\t\n\t\t\t<div class=\"wordcamp-block__item-content wordcamp-organizers__content is-full\"><p class=\"organizer-links wp-block-paragraph\"><a rel=\"noreferrer noopener\" href=\"https:\/\/twitter.com\/JoseLuis_Losada\" target=\"_blank\">@JoseLuis_Losada<\/a><\/p>\n<p class=\"wp-block-paragraph\">No puedo decir que soy una persona porque ese es otro. No tengo biograf\u00eda o ya la he olvidado (tengo mala memoria).<\/p>\n<\/div>\t<\/div>\n\n<\/li><li class=\"wordcamp-post-list__post wordcamp-clearfix\">\n<div class=\"wordcamp-organizer wordcamp-organizers__post slug-luis-miguel-climent\">\n\t<h3 class=\"wordcamp-block__item-title wordcamp-organizers__title\">Luis Miguel Climent<\/h3>\n\t\t\t<div class=\"wordcamp-image__avatar-container align-none\">\n\t\t\t<img decoding=\"async\" src=\"https:\/\/secure.gravatar.com\/avatar\/ffae7b7923d9fd048ad7538f0a0f5dcfc6ae7153e01615b55a8657a13dac3f85?s=150&amp;d=mm&amp;r=g\" alt=\"Avatar de Luis Miguel Climent\" \/>\t\t<\/div>\n\t\n\t\t\t<div class=\"wordcamp-block__item-content wordcamp-organizers__content is-full\"><p class=\"organizer-links wp-block-paragraph\"><a href=\"https:\/\/twitter.com\/lmcliment\" target=\"_blank\" rel=\"noreferrer noopener\">@lmcliment<\/a><br \/><a rel=\"noreferrer noopener\" href=\"https:\/\/artescena.com\/\" target=\"_blank\"><\/a><a href=\"https:\/\/artescena.com\/\">artescena.com<\/a><\/p>\n<p class=\"wp-block-paragraph\">Mitad de mi vida dedicado a hacer teatro, y la otra mitad a hacer webs.<\/p>\n<p class=\"wp-block-paragraph\">Desde 2014 desarrollo mi actividad como aut\u00f3nomo con la marca <em>*artescena<\/em>. Desde 2018 s\u00f3lo con <em>WordPress<\/em>.<\/p>\n<p class=\"wp-block-paragraph\">Actualmente, arrancando dos proyectos propios: <em>OradoresPRO<\/em> y <em>P\u00edldorasWP<\/em>.<\/p>\n<\/div>\t<\/div>\n\n<\/li><li class=\"wordcamp-post-list__post wordcamp-clearfix\">\n<div class=\"wordcamp-organizer wordcamp-organizers__post slug-mariano-perez\">\n\t<h3 class=\"wordcamp-block__item-title wordcamp-organizers__title\">Mariano P\u00e9rez<\/h3>\n\t\t\t<div class=\"wordcamp-image__avatar-container align-none\">\n\t\t\t<img decoding=\"async\" src=\"https:\/\/secure.gravatar.com\/avatar\/3089ff1456a3ba047f6b20713c8828dc7cec818fb0775415d83da1249ee047d2?s=150&amp;d=mm&amp;r=g\" alt=\"Avatar de Mariano P\u00e9rez\" \/>\t\t<\/div>\n\t\n\t\t\t<div class=\"wordcamp-block__item-content wordcamp-organizers__content is-full\"><p class=\"organizer-links wp-block-paragraph\"><a rel=\"noreferrer noopener\" href=\"https:\/\/twitter.com\/Mpc\" target=\"_blank\">@Mpc<\/a><br \/><a href=\"http:\/\/mpcdigital.net\/\" target=\"_blank\" rel=\"noreferrer noopener\">mpcdigital.net<\/a><\/p>\n<p class=\"wp-block-paragraph\">Ingeniero inform\u00e1tico trianero trabaja en su propia empresa de consultor\u00eda inform\u00e1tica. Coorganizador en varias WordCamps Sevilla, coorganizador de las meetups WordPress de Sevilla, moderador de los foros de soporte, mentor de WordCamps y deputy de comunidad de WordPress.&nbsp;<\/p>\n<\/div>\t<\/div>\n\n<\/li><li class=\"wordcamp-post-list__post wordcamp-clearfix\">\n<div class=\"wordcamp-organizer wordcamp-organizers__post slug-nilo-velez\">\n\t<h3 class=\"wordcamp-block__item-title wordcamp-organizers__title\">Nilo V\u00e9lez<\/h3>\n\t\t\t<div class=\"wordcamp-image__avatar-container align-none\">\n\t\t\t<img decoding=\"async\" src=\"https:\/\/secure.gravatar.com\/avatar\/09a19d6c3d35d136db80cd14757e532d95a3b54dd9aebded06dcee529ed3d285?s=150&amp;d=mm&amp;r=g\" alt=\"Avatar de Nilo V\u00e9lez\" \/>\t\t<\/div>\n\t\n\t\t\t<div class=\"wordcamp-block__item-content wordcamp-organizers__content is-full\"><p class=\"organizer-links wp-block-paragraph\"><a href=\"https:\/\/twitter.com\/nilovelez\" target=\"_blank\" rel=\"noreferrer noopener\">@nilovelez<\/a><br \/><a href=\"https:\/\/www.nilovelez.com\/\" target=\"_blank\" rel=\"noreferrer noopener\">nilovelez.com<\/a><\/p>\n<p class=\"wp-block-paragraph\">Llevo m\u00e1s de veinte a\u00f1os haciendo p\u00e1ginas web, aunque tambi\u00e9n he hecho interactivos, videos y simulaciones en 3d, retoque digital, edici\u00f3n audio, montaje de video y todo lo remotamente relacionado con Internet y los medios digitales. Me gusta probarlo todo y utilizarlo para aprender a hacer cosas nuevas.<\/p>\n<\/div>\t<\/div>\n\n<\/li><li class=\"wordcamp-post-list__post wordcamp-clearfix\">\n<div class=\"wordcamp-organizer wordcamp-organizers__post slug-pablo-moratinos\">\n\t<h3 class=\"wordcamp-block__item-title wordcamp-organizers__title\">Pablo Moratinos<\/h3>\n\t\t\t<div class=\"wordcamp-image__avatar-container align-none\">\n\t\t\t<img decoding=\"async\" src=\"https:\/\/secure.gravatar.com\/avatar\/c9671961f8c62f4d48547997fb44e7e37c500219ab41d51ca47182d9c904c3f8?s=150&amp;d=mm&amp;r=g\" alt=\"Avatar de Pablo Moratinos\" \/>\t\t<\/div>\n\t\n\t\t\t<div class=\"wordcamp-block__item-content wordcamp-organizers__content is-full\"><p class=\"organizer-links wp-block-paragraph\"><a href=\"https:\/\/twitter.com\/pablomoratinos\" target=\"_blank\" rel=\"noreferrer noopener\">@pablomoratinos<\/a><br \/><a href=\"https:\/\/pablomoratinos.es\" target=\"_blank\" rel=\"noreferrer noopener\">pablomoratinos.es<\/a><\/p>\n<p class=\"wp-block-paragraph\">Consultor de marketing online y especialista en anal\u00edtica web en la agencia <a href=\"https:\/\/3ymedia.net\">3ymedia Comunicaci\u00f3n<\/a>. Es profesor de marketing y WordPress en el Master de Social Media de la C\u00e1mara de Comercio de \u00c1lava y en la academia online de microlearning, <a rel=\"noreferrer noopener\" href=\"https:\/\/3ymedia.school\" target=\"_blank\">3ymedia School<\/a>.<\/p>\n<\/div>\t<\/div>\n\n<\/li><li class=\"wordcamp-post-list__post wordcamp-clearfix\">\n<div class=\"wordcamp-organizer wordcamp-organizers__post slug-rafa-poveda\">\n\t<h3 class=\"wordcamp-block__item-title wordcamp-organizers__title\">Rafa Poveda<\/h3>\n\t\t\t<div class=\"wordcamp-image__avatar-container align-none\">\n\t\t\t<img decoding=\"async\" src=\"https:\/\/secure.gravatar.com\/avatar\/ea3385f8fe14be10e41fb5bd87e9b3cd6035876fe36a9a6a8f27b5d7d8e02e2f?s=150&amp;d=mm&amp;r=g\" alt=\"Avatar de Rafa Poveda\" \/>\t\t<\/div>\n\t\n\t\t\t<div class=\"wordcamp-block__item-content wordcamp-organizers__content is-full\"><p class=\"organizer-links wp-block-paragraph\"><a href=\"https:\/\/twitter.com\/bi0xid\" target=\"_blank\" rel=\"noreferrer noopener\">@bi0xid<\/a><br \/><a href=\"http:\/\/raven.es\/\" target=\"_blank\" rel=\"noreferrer noopener\">raven.es<\/a><\/p>\n<p class=\"wp-block-paragraph\">Firme defensor del Software Libre, ha participado en proyectos muy variados, desde distribuciones de Linux hasta el propio WordPress.<\/p>\n<p class=\"wp-block-paragraph\">Desde <em>Pixelated Heart<\/em> trabaja en proyectos propios para crear una web m\u00e1s humana y \u00fatil, y desde <em>bi0xid.es<\/em> ayuda a sus clientes a tener presencia en internet.<\/p>\n<\/div>\t<\/div>\n\n<\/li><li class=\"wordcamp-post-list__post wordcamp-clearfix\">\n<div class=\"wordcamp-organizer wordcamp-organizers__post slug-ricardo-vilar\">\n\t<h3 class=\"wordcamp-block__item-title wordcamp-organizers__title\">Ricardo Vilar<\/h3>\n\t\t\t<div class=\"wordcamp-image__avatar-container align-none\">\n\t\t\t<img decoding=\"async\" src=\"https:\/\/secure.gravatar.com\/avatar\/6afc203e4ddd89a122917b05eb5dbf9afe12526662f1ee67e9f25d61fc14bc29?s=150&amp;d=mm&amp;r=g\" alt=\"Avatar de Ricardo Vilar\" \/>\t\t<\/div>\n\t\n\t\t\t<div class=\"wordcamp-block__item-content wordcamp-organizers__content is-full\"><p class=\"organizer-links wp-block-paragraph\"><a rel=\"noreferrer noopener\" href=\"https:\/\/twitter.com\/ricardovilarde\" target=\"_blank\">@ricardovilarde<\/a><br \/><a rel=\"noreferrer noopener\" href=\"https:\/\/ricardovilar.es\" target=\"_blank\">ricardovilar.es<\/a><\/p>\n<p class=\"wp-block-paragraph\">Ricardo Vilar es consultor web independiente, establecido en Valencia.<br \/>Cuenta con 15 a\u00f1os de experiencia en creatividad y marketing digital.<br \/>Desde 2009 trabaja como freelance y colaboro con diversas agencias de publicidad, estudios de dise\u00f1o y desarrolladores web.<\/p>\n<\/div>\t<\/div>\n\n<\/li><\/ul>","protected":false},"excerpt":{"rendered":"","protected":false},"author":13668985,"featured_media":0,"parent":0,"menu_order":0,"comment_status":"closed","ping_status":"closed","template":"","meta":{"_crdt_document":"","footnotes":""},"class_list":["post-12","page","type-page","status-publish","hentry"],"jetpack_sharing_enabled":true,"_links":{"self":[{"href":"https:\/\/spain.wordcamp.org\/2021\/wp-json\/wp\/v2\/pages\/12","targetHints":{"allow":["GET"]}}],"collection":[{"href":"https:\/\/spain.wordcamp.org\/2021\/wp-json\/wp\/v2\/pages"}],"about":[{"href":"https:\/\/spain.wordcamp.org\/2021\/wp-json\/wp\/v2\/types\/page"}],"author":[{"embeddable":true,"href":"https:\/\/spain.wordcamp.org\/2021\/wp-json\/wp\/v2\/users\/13668985"}],"replies":[{"embeddable":true,"href":"https:\/\/spain.wordcamp.org\/2021\/wp-json\/wp\/v2\/comments?post=12"}],"version-history":[{"count":1,"href":"https:\/\/spain.wordcamp.org\/2021\/wp-json\/wp\/v2\/pages\/12\/revisions"}],"predecessor-version":[{"id":5420,"href":"https:\/\/spain.wordcamp.org\/2021\/wp-json\/wp\/v2\/pages\/12\/revisions\/5420"}],"wp:attachment":[{"href":"https:\/\/spain.wordcamp.org\/2021\/wp-json\/wp\/v2\/media?parent=12"}],"curies":[{"name":"wp","href":"https:\/\/api.w.org\/{rel}","templated":true}]}}