{"id":13,"date":"2021-09-23T19:50:44","date_gmt":"2021-09-23T17:50:44","guid":{"rendered":"https:\/\/spain.wordcamp.org\/2021\/?page_id=13"},"modified":"2021-11-04T14:20:10","modified_gmt":"2021-11-04T13:20:10","slug":"entradas","status":"publish","type":"page","link":"https:\/\/spain.wordcamp.org\/2021\/entradas\/","title":{"rendered":"Entradas gratis a WCES 2021"},"content":{"rendered":"\n<h2 class=\"wp-block-heading\">\u00bfQuieres asistir a la nueva y pinturera WordCamp Espa\u00f1a Online?<\/h2>\n\n\n\n<p class=\"wp-block-paragraph\">Reg\u00edstrate y conseguir\u00e1s todas estas ventajas:<\/p>\n\n\n\n<ul class=\"wp-block-list\"><li>Comunicaciones exclusivas a usuarios registrados.<\/li><li>Fant\u00e1sticos regalos digitales de WordCamp Espa\u00f1a.<\/li><li>Participar en sorteos exclusivos de nuestros patrocinadores.<\/li><li>Acceso a salas de networking privadas con los ponentes.<\/li><\/ul>\n\n\n\n<h3 class=\"wp-block-heading\">El registro se cerrar\u00e1 a las <strong>00:00 horas (<a rel=\"noreferrer noopener\" href=\"https:\/\/time.is\/es\/CEST\" target=\"_blank\">CEST<\/a>) del 2 de noviembre de 202<\/strong>1<\/h3>\n\n\n\n<p class=\"wp-block-paragraph\">Si por cualquier motivo no puedes o quieres registrarte podr\u00e1s asistir igualmente online en nuestro canal de YouTube, que publicaremos el d\u00eda del evento, pero te pierdes todas las ventajas del registro.<\/p>\n\n\n<a href=\"https:\/\/spain.wordcamp.org\/2021\/entradas\/\">Por favor, ve esta p\u00e1gina en un navegador para hacer una compra o gestionar entradas.<\/a>\n","protected":false},"excerpt":{"rendered":"<p>\u00bfQuieres asistir a la nueva y pinturera WordCamp Espa\u00f1a Online? Reg\u00edstrate y conseguir\u00e1s todas estas ventajas: Comunicaciones exclusivas a usuarios registrados. Fant\u00e1sticos regalos digitales de WordCamp Espa\u00f1a. Participar en sorteos exclusivos de nuestros patrocinadores. Acceso a salas de networking privadas con los ponentes. El registro se cerrar\u00e1 a las 00:00 horas (CEST) del 2 de &hellip; <a href=\"https:\/\/spain.wordcamp.org\/2021\/entradas\/\" class=\"more-link\">Sigue leyendo<span class=\"screen-reader-text\"> \u00abEntradas gratis a WCES 2021\u00bb<\/span><\/a><\/p>\n","protected":false},"author":13668985,"featured_media":6111,"parent":0,"menu_order":0,"comment_status":"closed","ping_status":"closed","template":"","meta":{"_crdt_document":"","footnotes":""},"class_list":["post-13","page","type-page","status-publish","has-post-thumbnail","hentry"],"jetpack_sharing_enabled":true,"_links":{"self":[{"href":"https:\/\/spain.wordcamp.org\/2021\/wp-json\/wp\/v2\/pages\/13","targetHints":{"allow":["GET"]}}],"collection":[{"href":"https:\/\/spain.wordcamp.org\/2021\/wp-json\/wp\/v2\/pages"}],"about":[{"href":"https:\/\/spain.wordcamp.org\/2021\/wp-json\/wp\/v2\/types\/page"}],"author":[{"embeddable":true,"href":"https:\/\/spain.wordcamp.org\/2021\/wp-json\/wp\/v2\/users\/13668985"}],"replies":[{"embeddable":true,"href":"https:\/\/spain.wordcamp.org\/2021\/wp-json\/wp\/v2\/comments?post=13"}],"version-history":[{"count":4,"href":"https:\/\/spain.wordcamp.org\/2021\/wp-json\/wp\/v2\/pages\/13\/revisions"}],"predecessor-version":[{"id":635,"href":"https:\/\/spain.wordcamp.org\/2021\/wp-json\/wp\/v2\/pages\/13\/revisions\/635"}],"wp:featuredmedia":[{"embeddable":true,"href":"https:\/\/spain.wordcamp.org\/2021\/wp-json\/wp\/v2\/media\/6111"}],"wp:attachment":[{"href":"https:\/\/spain.wordcamp.org\/2021\/wp-json\/wp\/v2\/media?parent=13"}],"curies":[{"name":"wp","href":"https:\/\/api.w.org\/{rel}","templated":true}]}}