{"id":230,"date":"2021-07-28T10:16:14","date_gmt":"2021-07-28T08:16:14","guid":{"rendered":"https:\/\/spain.wordcamp.org\/2021\/?page_id=230"},"modified":"2021-11-07T10:17:31","modified_gmt":"2021-11-07T09:17:31","slug":"inicio","status":"publish","type":"page","link":"https:\/\/spain.wordcamp.org\/2021\/","title":{"rendered":"Inicio"},"content":{"rendered":"\n<div class=\"wp-block-cover alignfull has-background-dim home-header\" style=\"background-color:#01f395\"><div class=\"wp-block-cover__inner-container is-layout-flow wp-block-cover-is-layout-flow\">\n<div class=\"wp-block-columns alignwide is-layout-flex wp-container-core-columns-is-layout-8f761849 wp-block-columns-is-layout-flex\">\n<div class=\"wp-block-column is-vertically-aligned-center is-layout-flow wp-block-column-is-layout-flow\">\n<h2 class=\"has-text-color wp-block-heading\" style=\"color:#262626\">Tu <s>primera<\/s> WordCamp desde casa <em>otra vez<\/em><\/h2>\n\n\n\n<p class=\"has-text-color wp-block-paragraph\" style=\"color:#262626\"><strong>Del 3 al 6 de noviembre de 2021<\/strong> tuvo lugar la segunda  <strong>#WCES <\/strong>online.<\/p>\n\n\n\n<p class=\"wp-block-paragraph\">Vuelve a ver todo lo que pas\u00f3 en la WordCamp.<\/p>\n\n\n\n<p class=\"wp-block-paragraph\"><\/p>\n\n\n\n<p class=\"wp-block-paragraph\">Jornada del jueves 4 de noviembre 2021<\/p>\n\n\n\n<div class=\"wp-block-buttons is-content-justification-left is-layout-flex wp-block-buttons-is-layout-flex\">\n<div class=\"wp-block-button\"><a class=\"wp-block-button__link\" href=\"https:\/\/spain.wordcamp.org\/2021\/sala-a\/\">Sala A<\/a><\/div>\n\n\n\n<div class=\"wp-block-button\"><a class=\"wp-block-button__link\" href=\"https:\/\/spain.wordcamp.org\/2021\/sala-b\/\">Sala B<\/a><\/div>\n<\/div>\n\n\n\n<p class=\"wp-block-paragraph\">Jornada del viernes 5 de noviembre 2021<\/p>\n\n\n\n<div class=\"wp-block-buttons is-content-justification-left is-layout-flex wp-block-buttons-is-layout-flex\">\n<div class=\"wp-block-button\"><a class=\"wp-block-button__link\" href=\"https:\/\/spain.wordcamp.org\/2021\/sala-a-dia-5\/\">Sala A<\/a><\/div>\n\n\n\n<div class=\"wp-block-button\"><a class=\"wp-block-button__link\" href=\"https:\/\/spain.wordcamp.org\/2021\/sala-b-dia-5\/\">Sala B<\/a><\/div>\n<\/div>\n\n\n\n<p class=\"wp-block-paragraph\">El 6 de noviembre de 2021 fue el d\u00eda de la Comunidad y esto hab\u00eda que hacer<\/p>\n\n\n\n<div class=\"wp-block-buttons is-content-justification-left is-layout-flex wp-block-buttons-is-layout-flex\">\n<div class=\"wp-block-button\"><a class=\"wp-block-button__link\" href=\"https:\/\/spain.wordcamp.org\/2021\/como-asistir-al-dia-de-la-comunidad\/\">C\u00f3mo asistir al D\u00eda de la Comunidad<\/a><\/div>\n<\/div>\n<\/div>\n\n\n\n<div class=\"wp-block-column is-layout-flow wp-block-column-is-layout-flow\">\n<figure class=\"wp-block-image size-full\"><img loading=\"lazy\" decoding=\"async\" width=\"653\" height=\"652\" src=\"https:\/\/spain.wordcamp.org\/2021\/files\/2021\/10\/creatividad-1.png\" alt=\"\" class=\"wp-image-5931\" srcset=\"https:\/\/spain.wordcamp.org\/2021\/files\/2021\/10\/creatividad-1.png 653w, https:\/\/spain.wordcamp.org\/2021\/files\/2021\/10\/creatividad-1-300x300.png 300w, https:\/\/spain.wordcamp.org\/2021\/files\/2021\/10\/creatividad-1-150x150.png 150w\" sizes=\"auto, (max-width: 653px) 100vw, 653px\" \/><figcaption>Cada uno en su casa<br>y <strong>WordPress<\/strong><br>tambi\u00e9n<\/figcaption><\/figure>\n\n\n\n<p class=\"wp-block-paragraph\">Tambi\u00e9n disponibles los dos incre\u00edbles WP Late Night Show \u00a1con entrevista exclusiva al mism\u00edsimo <strong>Matt Mullenweg<\/strong>!<\/p>\n\n\n\n<div class=\"wp-block-buttons is-content-justification-left is-layout-flex wp-block-buttons-is-layout-flex\">\n<div class=\"wp-block-button\"><a class=\"wp-block-button__link\" href=\"https:\/\/spain.wordcamp.org\/2021\/wp-late\/\">Ver WP Late Night Show<\/a><\/div>\n<\/div>\n<\/div>\n<\/div>\n<\/div><\/div>\n\n\n\n<div class=\"wp-block-columns alignwide is-layout-flex wp-container-core-columns-is-layout-8f761849 wp-block-columns-is-layout-flex\">\n<div class=\"wp-block-column is-layout-flow wp-block-column-is-layout-flow\">\n<figure class=\"wp-block-image alignfull size-full\"><a href=\"https:\/\/spain.wordcamp.org\/2021\/programa\/\"><img loading=\"lazy\" decoding=\"async\" width=\"851\" height=\"851\" src=\"https:\/\/spain.wordcamp.org\/2021\/files\/2021\/10\/Group-2.png\" alt=\"Programa\" class=\"wp-image-6106\" srcset=\"https:\/\/spain.wordcamp.org\/2021\/files\/2021\/10\/Group-2.png 851w, https:\/\/spain.wordcamp.org\/2021\/files\/2021\/10\/Group-2-300x300.png 300w, https:\/\/spain.wordcamp.org\/2021\/files\/2021\/10\/Group-2-150x150.png 150w, https:\/\/spain.wordcamp.org\/2021\/files\/2021\/10\/Group-2-768x768.png 768w\" sizes=\"auto, (max-width: 851px) 100vw, 851px\" \/><\/a><\/figure>\n<\/div>\n\n\n\n<div class=\"wp-block-column is-layout-flow wp-block-column-is-layout-flow\">\n<figure class=\"wp-block-image alignfull size-full\"><a href=\"https:\/\/spain.wordcamp.org\/2021\/entradas\/\"><img loading=\"lazy\" decoding=\"async\" width=\"851\" height=\"851\" src=\"https:\/\/spain.wordcamp.org\/2021\/files\/2021\/10\/Group-53.png\" alt=\"Entradas\" class=\"wp-image-6111\" srcset=\"https:\/\/spain.wordcamp.org\/2021\/files\/2021\/10\/Group-53.png 851w, https:\/\/spain.wordcamp.org\/2021\/files\/2021\/10\/Group-53-300x300.png 300w, https:\/\/spain.wordcamp.org\/2021\/files\/2021\/10\/Group-53-150x150.png 150w, https:\/\/spain.wordcamp.org\/2021\/files\/2021\/10\/Group-53-768x768.png 768w\" sizes=\"auto, (max-width: 851px) 100vw, 851px\" \/><\/a><\/figure>\n<\/div>\n\n\n\n<div class=\"wp-block-column is-layout-flow wp-block-column-is-layout-flow\">\n<figure class=\"wp-block-image alignfull size-full\"><a href=\"https:\/\/spain.wordcamp.org\/2021\/ponentes\/\"><img loading=\"lazy\" decoding=\"async\" width=\"852\" height=\"851\" src=\"https:\/\/spain.wordcamp.org\/2021\/files\/2021\/10\/Group-3.png\" alt=\"\" class=\"wp-image-6107\" srcset=\"https:\/\/spain.wordcamp.org\/2021\/files\/2021\/10\/Group-3.png 852w, https:\/\/spain.wordcamp.org\/2021\/files\/2021\/10\/Group-3-300x300.png 300w, https:\/\/spain.wordcamp.org\/2021\/files\/2021\/10\/Group-3-150x150.png 150w, https:\/\/spain.wordcamp.org\/2021\/files\/2021\/10\/Group-3-768x767.png 768w\" sizes=\"auto, (max-width: 852px) 100vw, 852px\" \/><\/a><\/figure>\n<\/div>\n\n\n\n<div class=\"wp-block-column is-layout-flow wp-block-column-is-layout-flow\">\n<figure class=\"wp-block-image alignfull size-full\"><a href=\"https:\/\/spain.wordcamp.org\/2021\/#footer-widgets\"><img loading=\"lazy\" decoding=\"async\" width=\"852\" height=\"851\" src=\"https:\/\/spain.wordcamp.org\/2021\/files\/2021\/10\/Group-4.png\" alt=\"Patrocinadores\" class=\"wp-image-6108\" srcset=\"https:\/\/spain.wordcamp.org\/2021\/files\/2021\/10\/Group-4.png 852w, https:\/\/spain.wordcamp.org\/2021\/files\/2021\/10\/Group-4-300x300.png 300w, https:\/\/spain.wordcamp.org\/2021\/files\/2021\/10\/Group-4-150x150.png 150w, https:\/\/spain.wordcamp.org\/2021\/files\/2021\/10\/Group-4-768x767.png 768w\" sizes=\"auto, (max-width: 852px) 100vw, 852px\" \/><\/a><\/figure>\n<\/div>\n<\/div>\n\n\n\n<div class=\"wp-block-columns alignwide is-layout-flex wp-container-core-columns-is-layout-8f761849 wp-block-columns-is-layout-flex\">\n<div class=\"wp-block-column is-layout-flow wp-block-column-is-layout-flow\">\n<figure class=\"wp-block-image size-full\"><img loading=\"lazy\" decoding=\"async\" width=\"653\" height=\"652\" src=\"https:\/\/spain.wordcamp.org\/2021\/files\/2021\/10\/creatividad-2.png\" alt=\"\" class=\"wp-image-5932\" srcset=\"https:\/\/spain.wordcamp.org\/2021\/files\/2021\/10\/creatividad-2.png 653w, https:\/\/spain.wordcamp.org\/2021\/files\/2021\/10\/creatividad-2-300x300.png 300w, https:\/\/spain.wordcamp.org\/2021\/files\/2021\/10\/creatividad-2-150x150.png 150w\" sizes=\"auto, (max-width: 653px) 100vw, 653px\" \/><\/figure>\n<\/div>\n\n\n\n<div class=\"wp-block-column is-layout-flow wp-block-column-is-layout-flow\">\n<h2 class=\"wp-block-heading\">\u00bfQuieres saber como asistir a la nueva y pinturera WordCamp Espa\u00f1a Online?<\/h2>\n\n\n\n<p class=\"wp-block-paragraph\">El envento ya pas\u00f3. Los registrados y consiguieron todas estas ventajas:<\/p>\n\n\n\n<ul class=\"wp-block-list\"><li>Comunicaciones exclusivas a usuarios registrados.<\/li><li>Fant\u00e1sticos regalos digitales de WordCamp Espa\u00f1a.<\/li><li>Participar en sorteos exclusivos de nuestros patrocinadores.<\/li><li>Acceso a salas de networking privadas con los ponentes.<\/li><\/ul>\n\n\n\n<div class=\"wp-block-buttons is-layout-flex wp-block-buttons-is-layout-flex\"><\/div>\n<\/div>\n<\/div>\n\n\n\n<div class=\"wp-block-group alignfull has-background\" style=\"background-color:#efefef\"><div class=\"wp-block-group__inner-container is-layout-flow wp-block-group-is-layout-flow\">\n<h2 class=\"has-text-align-center wp-block-heading\">M\u00e1s cositas<\/h2>\n\n\n<ul class=\"wp-block-latest-posts__list is-grid columns-2 has-dates alignwide wp-block-latest-posts\"><li><div class=\"wp-block-latest-posts__featured-image\"><a href=\"https:\/\/spain.wordcamp.org\/2021\/wordcamp-espana-el-resumen\/\" aria-label=\"WordCamp Espa\u00f1a: El resumen\"><img loading=\"lazy\" decoding=\"async\" width=\"640\" height=\"639\" src=\"https:\/\/spain.wordcamp.org\/2021\/files\/2021\/08\/noticia-3.png\" class=\"attachment-large size-large wp-post-image\" alt=\"\" style=\"\" srcset=\"https:\/\/spain.wordcamp.org\/2021\/files\/2021\/08\/noticia-3.png 653w, https:\/\/spain.wordcamp.org\/2021\/files\/2021\/08\/noticia-3-300x300.png 300w, https:\/\/spain.wordcamp.org\/2021\/files\/2021\/08\/noticia-3-150x150.png 150w\" sizes=\"auto, (max-width: 640px) 100vw, 640px\" \/><\/a><\/div><a class=\"wp-block-latest-posts__post-title\" href=\"https:\/\/spain.wordcamp.org\/2021\/wordcamp-espana-el-resumen\/\">WordCamp Espa\u00f1a: El resumen<\/a><time datetime=\"2021-11-16T09:51:00+01:00\" class=\"wp-block-latest-posts__post-date\">16\/11\/2021<\/time><div class=\"wp-block-latest-posts__post-excerpt\">Dicen que segundas partes nunca fueron buenas, pero en este caso no se cumple el &hellip; <a href=\"https:\/\/spain.wordcamp.org\/2021\/wordcamp-espana-el-resumen\/\" class=\"more-link\">Sigue leyendo<span class=\"screen-reader-text\"> \u00abWordCamp Espa\u00f1a: El resumen\u00bb<\/span><\/a><\/div><\/li>\n<li><div class=\"wp-block-latest-posts__featured-image\"><a href=\"https:\/\/spain.wordcamp.org\/2021\/cuentanos-como-has-vivido-wordcamp-espana-2021\/\" aria-label=\"Cu\u00e9ntanos c\u00f3mo has vivido WordCamp Espa\u00f1a 2021\"><img loading=\"lazy\" decoding=\"async\" width=\"640\" height=\"642\" src=\"https:\/\/spain.wordcamp.org\/2021\/files\/2021\/08\/noticia-2.png\" class=\"attachment-large size-large wp-post-image\" alt=\"\" style=\"\" srcset=\"https:\/\/spain.wordcamp.org\/2021\/files\/2021\/08\/noticia-2.png 650w, https:\/\/spain.wordcamp.org\/2021\/files\/2021\/08\/noticia-2-300x300.png 300w, https:\/\/spain.wordcamp.org\/2021\/files\/2021\/08\/noticia-2-150x150.png 150w, https:\/\/spain.wordcamp.org\/2021\/files\/2021\/08\/noticia-2-299x300.png 299w\" sizes=\"auto, (max-width: 640px) 100vw, 640px\" \/><\/a><\/div><a class=\"wp-block-latest-posts__post-title\" href=\"https:\/\/spain.wordcamp.org\/2021\/cuentanos-como-has-vivido-wordcamp-espana-2021\/\">Cu\u00e9ntanos c\u00f3mo has vivido WordCamp Espa\u00f1a 2021<\/a><time datetime=\"2021-11-15T20:07:17+01:00\" class=\"wp-block-latest-posts__post-date\">15\/11\/2021<\/time><div class=\"wp-block-latest-posts__post-excerpt\">Con esa sensaci\u00f3n de no querer que termine nunca, escribimos este post pensando \u00bfcu\u00e1l fue &hellip; <a href=\"https:\/\/spain.wordcamp.org\/2021\/cuentanos-como-has-vivido-wordcamp-espana-2021\/\" class=\"more-link\">Sigue leyendo<span class=\"screen-reader-text\"> \u00abCu\u00e9ntanos c\u00f3mo has vivido WordCamp Espa\u00f1a 2021\u00bb<\/span><\/a><\/div><\/li>\n<li><div class=\"wp-block-latest-posts__featured-image\"><a href=\"https:\/\/spain.wordcamp.org\/2021\/como-asistir-al-dia-de-la-comunidad\/\" aria-label=\"C\u00f3mo asistir al D\u00eda de la Comunidad\"><img loading=\"lazy\" decoding=\"async\" width=\"640\" height=\"638\" src=\"https:\/\/spain.wordcamp.org\/2021\/files\/2021\/08\/noticia-1.png\" class=\"attachment-large size-large wp-post-image\" alt=\"\" style=\"\" srcset=\"https:\/\/spain.wordcamp.org\/2021\/files\/2021\/08\/noticia-1.png 650w, https:\/\/spain.wordcamp.org\/2021\/files\/2021\/08\/noticia-1-300x300.png 300w, https:\/\/spain.wordcamp.org\/2021\/files\/2021\/08\/noticia-1-150x150.png 150w, https:\/\/spain.wordcamp.org\/2021\/files\/2021\/08\/noticia-1-301x300.png 301w\" sizes=\"auto, (max-width: 640px) 100vw, 640px\" \/><\/a><\/div><a class=\"wp-block-latest-posts__post-title\" href=\"https:\/\/spain.wordcamp.org\/2021\/como-asistir-al-dia-de-la-comunidad\/\">C\u00f3mo asistir al D\u00eda de la Comunidad<\/a><time datetime=\"2021-11-05T16:14:59+01:00\" class=\"wp-block-latest-posts__post-date\">05\/11\/2021<\/time><div class=\"wp-block-latest-posts__post-excerpt\">Despu\u00e9s de dos d\u00edas intensos de ponencias y charlas, premios, regalos, networking y mucha uni\u00f3n, &hellip; <a href=\"https:\/\/spain.wordcamp.org\/2021\/como-asistir-al-dia-de-la-comunidad\/\" class=\"more-link\">Sigue leyendo<span class=\"screen-reader-text\"> \u00abC\u00f3mo asistir al D\u00eda de la Comunidad\u00bb<\/span><\/a><\/div><\/li>\n<\/ul><\/div><\/div>\n","protected":false},"excerpt":{"rendered":"<p>\u00bfQuieres saber como asistir a la nueva y pinturera WordCamp Espa\u00f1a Online? El envento ya pas\u00f3. Los registrados y consiguieron todas estas ventajas: Comunicaciones exclusivas a usuarios registrados. Fant\u00e1sticos regalos digitales de WordCamp Espa\u00f1a. Participar en sorteos exclusivos de nuestros patrocinadores. Acceso a salas de networking privadas con los ponentes. M\u00e1s cositas<\/p>\n","protected":false},"author":7425830,"featured_media":6827,"parent":0,"menu_order":0,"comment_status":"closed","ping_status":"closed","template":"","meta":{"_crdt_document":"","footnotes":""},"class_list":["post-230","page","type-page","status-publish","has-post-thumbnail","hentry"],"jetpack_sharing_enabled":true,"_links":{"self":[{"href":"https:\/\/spain.wordcamp.org\/2021\/wp-json\/wp\/v2\/pages\/230","targetHints":{"allow":["GET"]}}],"collection":[{"href":"https:\/\/spain.wordcamp.org\/2021\/wp-json\/wp\/v2\/pages"}],"about":[{"href":"https:\/\/spain.wordcamp.org\/2021\/wp-json\/wp\/v2\/types\/page"}],"author":[{"embeddable":true,"href":"https:\/\/spain.wordcamp.org\/2021\/wp-json\/wp\/v2\/users\/7425830"}],"replies":[{"embeddable":true,"href":"https:\/\/spain.wordcamp.org\/2021\/wp-json\/wp\/v2\/comments?post=230"}],"version-history":[{"count":40,"href":"https:\/\/spain.wordcamp.org\/2021\/wp-json\/wp\/v2\/pages\/230\/revisions"}],"predecessor-version":[{"id":7124,"href":"https:\/\/spain.wordcamp.org\/2021\/wp-json\/wp\/v2\/pages\/230\/revisions\/7124"}],"wp:featuredmedia":[{"embeddable":true,"href":"https:\/\/spain.wordcamp.org\/2021\/wp-json\/wp\/v2\/media\/6827"}],"wp:attachment":[{"href":"https:\/\/spain.wordcamp.org\/2021\/wp-json\/wp\/v2\/media?parent=230"}],"curies":[{"name":"wp","href":"https:\/\/api.w.org\/{rel}","templated":true}]}}