{"id":5384,"date":"2021-10-07T12:16:10","date_gmt":"2021-10-07T10:16:10","guid":{"rendered":"https:\/\/spain.wordcamp.org\/2021\/?page_id=5384"},"modified":"2021-10-17T07:20:32","modified_gmt":"2021-10-17T05:20:32","slug":"como-asistir-a-la-wordcamp-espana","status":"publish","type":"page","link":"https:\/\/spain.wordcamp.org\/2021\/como-asistir-a-la-wordcamp-espana\/","title":{"rendered":"C\u00f3mo asistir a la WordCamp Espa\u00f1a"},"content":{"rendered":"\n<p class=\"wp-block-paragraph\">Aqu\u00ed tienes informaci\u00f3n importante sobre c\u00f3mo asistir a <strong>la segunda WordCamp Online de Espa\u00f1a<\/strong> y disfrutar de las distintas ponencias que tendr\u00e1n lugar.<\/p>\n\n\n\n<h2 class=\"wp-block-heading\">\u00bfD\u00f3nde se podr\u00e1n ver las ponencias?<\/h2>\n\n\n\n<p class=\"wp-block-paragraph\">Habilitaremos <strong>2 salas de streaming<\/strong> en las que podr\u00e1s seguir en directo las ponencias simult\u00e1neas. <\/p>\n\n\n\n<p class=\"wp-block-paragraph\">Lo s\u00e9, tienes que elegir una, pero no te preocupes, todas quedar\u00e1n grabadas y podr\u00e1s verlas cualquier otro d\u00eda. Eso s\u00ed, te perder\u00e1s el placer del directo, las preguntas, el ambientazo del chat en vivo.<\/p>\n\n\n\n<p class=\"wp-block-paragraph\">Aqu\u00ed tienes los enlaces a las salas:<\/p>\n\n\n\n<div class=\"wp-block-buttons is-content-justification-center is-layout-flex wp-block-buttons-is-layout-flex\">\n<div class=\"wp-block-button is-style-outline is-style-outline--1\"><a class=\"wp-block-button__link\" href=\"https:\/\/spain.wordcamp.org\/2021\/sala-a\/\">Sala A<\/a><\/div>\n\n\n\n<div class=\"wp-block-button is-style-outline is-style-outline--2\"><a class=\"wp-block-button__link\" href=\"https:\/\/spain.wordcamp.org\/2021\/sala-b\/\">Sala B<\/a><\/div>\n<\/div>\n\n\n\n<h2 class=\"wp-block-heading\">\u00bfC\u00f3mo puedo asistir?<\/h2>\n\n\n\n<p class=\"wp-block-paragraph\">Para disfrutar plenamente de <strong>WCES 202<\/strong>1 lo mejor es que realices el registro gratuito:<\/p>\n\n\n\n<div class=\"wp-block-buttons is-content-justification-center is-layout-flex wp-block-buttons-is-layout-flex\">\n<div class=\"wp-block-button is-style-fill\"><a class=\"wp-block-button__link\" href=\"https:\/\/spain.wordcamp.org\/2021\/entradas\/\">Quiero mi entrada gratuita<\/a><\/div>\n<\/div>\n\n\n\n<h3 class=\"wp-block-heading\">\u00bfYa te has registrado? Perfecto<\/h3>\n\n\n\n<p class=\"wp-block-paragraph\">Con tu entrada no solo tendr\u00e1s un recuerdo imborrable (salvo que vac\u00edes tu email) de haber asistido a esta impresionante WordCamp, tambi\u00e9n consigues las siguientes ventajas\/beneficios:<\/p>\n\n\n\n<ul class=\"wp-block-list\"><li>Comunicaciones exclusivas a usuarios registrados.<\/li><li>Fant\u00e1sticos regalos digitales de WordCamp Espa\u00f1a.<\/li><li>Informaci\u00f3n puntual sobre el WP Late Night Show.<\/li><li>Acceso a salas de networking privadas con los ponentes.<\/li><\/ul>\n\n\n\n<p class=\"wp-block-paragraph\">Adem\u00e1s, aparecer\u00e1s en <a href=\"https:\/\/spain.wordcamp.org\/2021\/asistentes\/\">el sal\u00f3n de la fama de los asistentes<\/a> a WordCamp Espa\u00f1a Online 2021.<\/p>\n\n\n\n<h3 class=\"wp-block-heading\">\u00bfQue no quieres registrarte? Ning\u00fan problema<\/h3>\n\n\n\n<p class=\"wp-block-paragraph\">Tambi\u00e9n podr\u00e1s ver el evento en nuestras salas en directo, solo que\u2026 <strong>\u00bfDe verdad no te vas a registrar? \u00bfHas visto las ventajas que tiene? Anda, mira un poco m\u00e1s arriba.<\/strong><\/p>\n\n\n\n<h2 class=\"wp-block-heading\">\u00bfNecesito algo especial para ver el evento?<\/h2>\n\n\n\n<p class=\"wp-block-paragraph\">\u00bfSabes ver v\u00eddeos en YouTube? \u00bfHas probado alguna vez a dejar un comentario en el chat de un v\u00eddeo en directo?<\/p>\n\n\n\n<p class=\"wp-block-paragraph\">Si tu respuesta es afirmativa, entonces sabes lo fundamental para asistir a <strong>WordCamp Espa\u00f1a Online 2021<\/strong>.<\/p>\n\n\n\n<p class=\"wp-block-paragraph\">Eso s\u00ed, dependiendo de c\u00f3mo asistas, te damos algunas recomendaciones para una mejor experiencia.<\/p>\n\n\n\n<p class=\"wp-block-paragraph\">As\u00ed que, ponte algo c\u00f3modo, echa un vistazo al <strong><a href=\"https:\/\/spain.wordcamp.org\/2021\/programa\/\">fant\u00e1stico programa<\/a><\/strong> y sigue estos consejos\u2026<\/p>\n\n\n\n<div class=\"wp-block-columns alignwide is-layout-flex wp-container-core-columns-is-layout-8f761849 wp-block-columns-is-layout-flex\">\n<div class=\"wp-block-column is-layout-flow wp-block-column-is-layout-flow\">\n<h3 class=\"wp-block-heading\">Ya me he registrado \ud83d\ude09<\/h3>\n\n\n\n<figure class=\"wp-block-image size-large\"><img decoding=\"async\" src=\"https:\/\/2020.spain.wordcamp.org\/files\/2020\/04\/social-1206610_1280-1024x796.png\" alt=\"\" class=\"wp-image-418\" \/><\/figure>\n\n\n\n<p class=\"wp-block-paragraph\">Si tienes entrada al evento tenemos algunas recomendaciones y consejos:<\/p>\n\n\n\n<ol class=\"wp-block-list\"><li>Si no est\u00e1s ya registrado en YouTube, si no tienes cuenta de Google, debes hacerlo para poder dejar comentarios y chatear en directo con los ponentes y otros asistentes.<\/li><li>Cumple escrupulosamente <a rel=\"noreferrer noopener\" href=\"https:\/\/support.google.com\/youtube\/topic\/2803176?hl=es&amp;ref_topic=6151248,3230811,3256124,\" target=\"_blank\">las pol\u00edticas de participaci\u00f3n de YouTube<\/a> y <a href=\"https:\/\/spain.wordcamp.org\/2021\/codigo-de-conducta\/\">el c\u00f3digo de conducta de WordCamp Espa\u00f1a<\/a>, o podr\u00edas ser expulsado del evento.<\/li><li>Permanece atento a tu email, pues recibir\u00e1s correos de la organizaci\u00f3n y los patrocinadores en los que te enviaremos regalos digitales y, sobre todo, los enlaces de acceso a las salas y a las zonas de networking exclusivas, solo para usuarios registrados.<\/li><li>Con\u00e9ctate a Internet por cable si puedes, mejor que por WiFi, la conexi\u00f3n siempre es m\u00e1s r\u00e1pida y estable y no sufrir\u00e1s posibles cortes de conexi\u00f3n, especialmente estos d\u00edas en que todos estamos conectados desde casa.<\/li><li>Utiliza preferentemente los navegadores Chrome o Firefox, por cuestiones de compatibilidad.<\/li><li>Mejor ordenador o tablet que dispositivo m\u00f3vil, sobre todo para el chat en directo.<\/li><li>Desc\u00e1rgate <a rel=\"noreferrer noopener\" href=\"https:\/\/zoom.us\/download\" target=\"_blank\">la aplicaci\u00f3n de Zoom.us<\/a> (gratuita) para ordenador, tablet y m\u00f3vil, pues las salas de networking se desarrollar\u00e1n en esta plataforma. Ya te diremos c\u00f3mo y cu\u00e1ndo, es secreto \ud83d\ude09<\/li><li>Haz arder tus redes sociales favoritas usando el hashtag #WCES y citando a nuestra cuenta oficial <a rel=\"noreferrer noopener\" href=\"https:\/\/twitter.com\/wp_es\" target=\"_blank\">@wp_es<\/a><\/li><\/ol>\n<\/div>\n\n\n\n<div class=\"wp-block-column is-layout-flow wp-block-column-is-layout-flow\">\n<h3 class=\"wp-block-heading\">No me he registrado \ud83d\ude41<\/h3>\n\n\n\n<figure class=\"wp-block-image size-large\"><img decoding=\"async\" src=\"https:\/\/2020.spain.wordcamp.org\/files\/2020\/04\/social-1206603_1280-1024x796.png\" alt=\"\" class=\"wp-image-416\" \/><\/figure>\n\n\n\n<p class=\"wp-block-paragraph\">Aunque no te hayas registrado podr\u00e1s asistir f\u00e1cilmente al evento, pero aqu\u00ed tienes algunos consejos \u00fatiles:<\/p>\n\n\n\n<ol class=\"wp-block-list\"><li>Si no est\u00e1s ya registrado en YouTube, si no tienes cuenta de Google, debes hacerlo para poder dejar comentarios y chatear en directo con los ponentes y otros asistentes.<\/li><li>Cumple escrupulosamente <a rel=\"noreferrer noopener\" href=\"https:\/\/support.google.com\/youtube\/topic\/2803176?hl=es&amp;ref_topic=6151248,3230811,3256124,\" target=\"_blank\">las pol\u00edticas de participaci\u00f3n de YouTube<\/a> y <a href=\"https:\/\/spain.wordcamp.org\/2021\/codigo-de-conducta\/\">el c\u00f3digo de conducta de WordCamp Espa\u00f1a<\/a>, o podr\u00edas ser expulsado del evento.<\/li><li>Con\u00e9ctate a Internet por cable si puedes, mejor que por WiFi, la conexi\u00f3n siempre es m\u00e1s r\u00e1pida y estable, y no sufrir\u00e1s posibles cortes de conexi\u00f3n, especialmente estos d\u00edas en que todos estamos conectados desde casa.<\/li><li>Utiliza preferentemente los navegadores Chrome o Firefox, por cuestiones de compatibilidad.<\/li><li>Mejor ordenador o tablet que dispositivo m\u00f3vil, sobre todo para el chat en directo.<\/li><li>Haz arder tus redes sociales favoritas usando el hashtag #WCES y citando a nuestra cuenta oficial <a rel=\"noreferrer noopener\" href=\"https:\/\/twitter.com\/wp_es\" target=\"_blank\">@wp_es<\/a><\/li><\/ol>\n<\/div>\n<\/div>\n\n\n\n<p class=\"wp-block-paragraph\"><\/p>\n","protected":false},"excerpt":{"rendered":"<p>Aqu\u00ed tienes informaci\u00f3n importante sobre c\u00f3mo asistir a la segunda WordCamp Online de Espa\u00f1a y disfrutar de las distintas ponencias que tendr\u00e1n lugar. \u00bfD\u00f3nde se podr\u00e1n ver las ponencias? Habilitaremos 2 salas de streaming en las que podr\u00e1s seguir en directo las ponencias simult\u00e1neas. Lo s\u00e9, tienes que elegir una, pero no te preocupes, todas &hellip; <a href=\"https:\/\/spain.wordcamp.org\/2021\/como-asistir-a-la-wordcamp-espana\/\" class=\"more-link\">Sigue leyendo<span class=\"screen-reader-text\"> \u00abC\u00f3mo asistir a la WordCamp Espa\u00f1a\u00bb<\/span><\/a><\/p>\n","protected":false},"author":7425830,"featured_media":5396,"parent":0,"menu_order":0,"comment_status":"closed","ping_status":"closed","template":"","meta":{"_crdt_document":"","footnotes":""},"class_list":["post-5384","page","type-page","status-publish","has-post-thumbnail","hentry"],"jetpack_sharing_enabled":true,"_links":{"self":[{"href":"https:\/\/spain.wordcamp.org\/2021\/wp-json\/wp\/v2\/pages\/5384","targetHints":{"allow":["GET"]}}],"collection":[{"href":"https:\/\/spain.wordcamp.org\/2021\/wp-json\/wp\/v2\/pages"}],"about":[{"href":"https:\/\/spain.wordcamp.org\/2021\/wp-json\/wp\/v2\/types\/page"}],"author":[{"embeddable":true,"href":"https:\/\/spain.wordcamp.org\/2021\/wp-json\/wp\/v2\/users\/7425830"}],"replies":[{"embeddable":true,"href":"https:\/\/spain.wordcamp.org\/2021\/wp-json\/wp\/v2\/comments?post=5384"}],"version-history":[{"count":3,"href":"https:\/\/spain.wordcamp.org\/2021\/wp-json\/wp\/v2\/pages\/5384\/revisions"}],"predecessor-version":[{"id":5757,"href":"https:\/\/spain.wordcamp.org\/2021\/wp-json\/wp\/v2\/pages\/5384\/revisions\/5757"}],"wp:featuredmedia":[{"embeddable":true,"href":"https:\/\/spain.wordcamp.org\/2021\/wp-json\/wp\/v2\/media\/5396"}],"wp:attachment":[{"href":"https:\/\/spain.wordcamp.org\/2021\/wp-json\/wp\/v2\/media?parent=5384"}],"curies":[{"name":"wp","href":"https:\/\/api.w.org\/{rel}","templated":true}]}}