{"id":6835,"date":"2021-11-03T06:27:40","date_gmt":"2021-11-03T05:27:40","guid":{"rendered":"https:\/\/spain.wordcamp.org\/2021\/?page_id=6835"},"modified":"2021-11-07T11:21:37","modified_gmt":"2021-11-07T10:21:37","slug":"wp-late","status":"publish","type":"page","link":"https:\/\/spain.wordcamp.org\/2021\/wp-late\/","title":{"rendered":"WordPress Late Night Show"},"content":{"rendered":"\n<p class=\"wp-block-paragraph\">Bienvenida\/o <strong>a la segunda sesi\u00f3n del WordPress Late Night Show<\/strong>, presentado por Nora Ferreir\u00f3s y Nahuai Badiola. Un programa de entretenimiento para vivir desde el sof\u00e1 de tu casa todo el esp\u00edritu de WordCamp Espa\u00f1a Online 2021 y todo el sabor de la comunidad WordPress espa\u00f1ola, sus usuarios.<\/p>\n\n\n\n<figure class=\"wp-block-embed is-type-video is-provider-youtube wp-block-embed-youtube wp-embed-aspect-16-9 wp-has-aspect-ratio\"><div class=\"wp-block-embed__wrapper\">\n<span class=\"embed-youtube\" style=\"text-align:center; display: block;\"><iframe loading=\"lazy\" class=\"youtube-player\" width=\"640\" height=\"360\" src=\"https:\/\/www.youtube.com\/embed\/I2BoesXxjds?version=3&#038;rel=1&#038;showsearch=0&#038;showinfo=1&#038;iv_load_policy=1&#038;fs=1&#038;hl=es-ES&#038;autohide=2&#038;wmode=transparent\" allowfullscreen=\"true\" style=\"border:0;\" sandbox=\"allow-scripts allow-same-origin allow-popups allow-presentation allow-popups-to-escape-sandbox\"><\/iframe><\/span>\n<\/div><\/figure>\n\n\n\n<p class=\"wp-block-paragraph\">Tambi\u00e9n puedes ver aqu\u00ed el primer programa.<\/p>\n\n\n\n<figure class=\"wp-block-embed is-type-video is-provider-youtube wp-block-embed-youtube wp-embed-aspect-16-9 wp-has-aspect-ratio\"><div class=\"wp-block-embed__wrapper\">\n<span class=\"embed-youtube\" style=\"text-align:center; display: block;\"><iframe loading=\"lazy\" class=\"youtube-player\" width=\"640\" height=\"360\" src=\"https:\/\/www.youtube.com\/embed\/BBJ25KRyJ-U?version=3&#038;rel=1&#038;showsearch=0&#038;showinfo=1&#038;iv_load_policy=1&#038;fs=1&#038;hl=es-ES&#038;autohide=2&#038;wmode=transparent\" allowfullscreen=\"true\" style=\"border:0;\" sandbox=\"allow-scripts allow-same-origin allow-popups allow-presentation allow-popups-to-escape-sandbox\"><\/iframe><\/span>\n<\/div><\/figure>\n","protected":false},"excerpt":{"rendered":"<p>Bienvenida\/o a la segunda sesi\u00f3n del WordPress Late Night Show, presentado por Nora Ferreir\u00f3s y Nahuai Badiola. Un programa de entretenimiento para vivir desde el sof\u00e1 de tu casa todo el esp\u00edritu de WordCamp Espa\u00f1a Online 2021 y todo el sabor de la comunidad WordPress espa\u00f1ola, sus usuarios. Tambi\u00e9n puedes ver aqu\u00ed el primer programa.<\/p>\n","protected":false},"author":13668985,"featured_media":6834,"parent":0,"menu_order":0,"comment_status":"closed","ping_status":"closed","template":"","meta":{"_crdt_document":"","footnotes":""},"class_list":["post-6835","page","type-page","status-publish","has-post-thumbnail","hentry"],"jetpack_sharing_enabled":true,"_links":{"self":[{"href":"https:\/\/spain.wordcamp.org\/2021\/wp-json\/wp\/v2\/pages\/6835","targetHints":{"allow":["GET"]}}],"collection":[{"href":"https:\/\/spain.wordcamp.org\/2021\/wp-json\/wp\/v2\/pages"}],"about":[{"href":"https:\/\/spain.wordcamp.org\/2021\/wp-json\/wp\/v2\/types\/page"}],"author":[{"embeddable":true,"href":"https:\/\/spain.wordcamp.org\/2021\/wp-json\/wp\/v2\/users\/13668985"}],"replies":[{"embeddable":true,"href":"https:\/\/spain.wordcamp.org\/2021\/wp-json\/wp\/v2\/comments?post=6835"}],"version-history":[{"count":14,"href":"https:\/\/spain.wordcamp.org\/2021\/wp-json\/wp\/v2\/pages\/6835\/revisions"}],"predecessor-version":[{"id":7129,"href":"https:\/\/spain.wordcamp.org\/2021\/wp-json\/wp\/v2\/pages\/6835\/revisions\/7129"}],"wp:featuredmedia":[{"embeddable":true,"href":"https:\/\/spain.wordcamp.org\/2021\/wp-json\/wp\/v2\/media\/6834"}],"wp:attachment":[{"href":"https:\/\/spain.wordcamp.org\/2021\/wp-json\/wp\/v2\/media?parent=6835"}],"curies":[{"name":"wp","href":"https:\/\/api.w.org\/{rel}","templated":true}]}}